{"id":415,"date":"2024-05-15T07:13:11","date_gmt":"2024-05-15T07:13:11","guid":{"rendered":"https:\/\/pannoniahem.se\/?page_id=415"},"modified":"2024-08-19T21:02:16","modified_gmt":"2024-08-19T21:02:16","slug":"om-oss","status":"publish","type":"page","link":"https:\/\/pannoniahem.se\/hu\/om-oss\/","title":{"rendered":"R\u00f3lunk"},"content":{"rendered":"<p>[et_pb_section fb_built=&#8221;1&#8243; custom_padding_last_edited=&#8221;on|phone&#8221; _builder_version=&#8221;4.25.1&#8243; _module_preset=&#8221;default&#8221; background_color_gradient_stops=&#8221;rgba(0,127,29,0.57) 0%|rgba(0,25,8,0.92) 100%&#8221; background_color_gradient_overlays_image=&#8221;on&#8221; background_image=&#8221;https:\/\/pannoniahem.se\/wp-content\/uploads\/2024\/05\/7edd7fdd-d131-4ab9-bbf8-2a5e109b2131.jpg&#8221; parallax=&#8221;on&#8221; parallax_method=&#8221;off&#8221; custom_padding=&#8221;50px||50px|||&#8221; custom_padding_tablet=&#8221;&#8221; custom_padding_phone=&#8221;40px||40px||true|false&#8221; global_colors_info=&#8221;{}&#8221;][et_pb_row _builder_version=&#8221;4.25.0&#8243; _module_preset=&#8221;default&#8221; custom_padding=&#8221;9px||7px|||&#8221; global_colors_info=&#8221;{}&#8221;][et_pb_column type=&#8221;4_4&#8243; _builder_version=&#8221;4.25.0&#8243; _module_preset=&#8221;default&#8221; global_colors_info=&#8221;{}&#8221;][et_pb_heading title=&#8221;Om oss&#8221; _builder_version=&#8221;4.25.1&#8243; _module_preset=&#8221;default&#8221; title_font=&#8221;Oxygen|700|||||||&#8221; title_text_align=&#8221;left&#8221; title_text_color=&#8221;#FFFFFF&#8221; title_font_size=&#8221;45px&#8221; title_letter_spacing=&#8221;2px&#8221; title_line_height=&#8221;1.3em&#8221; title_font_size_tablet=&#8221;45px&#8221; title_font_size_phone=&#8221;30px&#8221; title_font_size_last_edited=&#8221;on|phone&#8221; global_colors_info=&#8221;{}&#8221;][\/et_pb_heading][\/et_pb_column][\/et_pb_row][\/et_pb_section][et_pb_section fb_built=&#8221;1&#8243; admin_label=&#8221;About&#8221; _builder_version=&#8221;4.25.1&#8243; _module_preset=&#8221;default&#8221; use_background_color_gradient=&#8221;off&#8221; locked=&#8221;off&#8221; collapsed=&#8221;on&#8221; global_colors_info=&#8221;{}&#8221;][et_pb_row column_structure=&#8221;2_5,3_5&#8243; use_custom_gutter=&#8221;on&#8221; gutter_width=&#8221;4&#8243; make_equal=&#8221;on&#8221; _builder_version=&#8221;4.25.1&#8243; _module_preset=&#8221;default&#8221; width=&#8221;90%&#8221; max_width=&#8221;100%&#8221; global_colors_info=&#8221;{}&#8221;][et_pb_column type=&#8221;2_5&#8243; _builder_version=&#8221;4.25.1&#8243; _module_preset=&#8221;default&#8221; background_enable_image=&#8221;off&#8221; animation_style=&#8221;slide&#8221; animation_direction=&#8221;left&#8221; animation_intensity_slide=&#8221;10%&#8221; border_width_all=&#8221;2px&#8221; border_color_all=&#8221;gcid-bcf59a58-72c0-4031-b9fc-63497bd5a763&#8243; border_color_all_tablet=&#8221;gcid-bcf59a58-72c0-4031-b9fc-63497bd5a763&#8243; border_color_all_phone=&#8221;RGBA(255,255,255,0)&#8221; border_color_all_last_edited=&#8221;on|phone&#8221; global_colors_info=&#8221;{%22gcid-bcf59a58-72c0-4031-b9fc-63497bd5a763%22:%91%22border_color_all%22%93}&#8221;][et_pb_image src=&#8221;https:\/\/pannoniahem.se\/wp-content\/uploads\/2024\/04\/434287658_797955702178805_7065452826073002611_n.jpg&#8221; title_text=&#8221;434280235_1501574664090675_8172707744155981793_n&#8221; force_fullwidth=&#8221;on&#8221; src_tablet=&#8221;https:\/\/pannoniahem.se\/wp-content\/uploads\/2024\/04\/434280235_1501574664090675_8172707744155981793_n.jpg&#8221; src_phone=&#8221;https:\/\/pannoniahem.se\/wp-content\/uploads\/2024\/04\/434280235_1501574664090675_8172707744155981793_n.jpg&#8221; src_last_edited=&#8221;on|tablet&#8221; _builder_version=&#8221;4.25.1&#8243; _module_preset=&#8221;default&#8221; transform_scale_tablet=&#8221;&#8221; transform_scale_phone=&#8221;&#8221; transform_scale_last_edited=&#8221;on|desktop&#8221; transform_translate=&#8221;40px|24px&#8221; transform_translate_tablet=&#8221;0px|0px&#8221; transform_translate_phone=&#8221;0px|0px&#8221; transform_translate_last_edited=&#8221;on|desktop&#8221; transform_translate_linked_tablet=&#8221;off&#8221; transform_rotate_tablet=&#8221;&#8221; transform_rotate_phone=&#8221;&#8221; transform_rotate_last_edited=&#8221;on|desktop&#8221; transform_skew_tablet=&#8221;&#8221; transform_skew_phone=&#8221;&#8221; transform_skew_last_edited=&#8221;on|desktop&#8221; transform_origin_tablet=&#8221;&#8221; transform_origin_phone=&#8221;&#8221; transform_origin_last_edited=&#8221;on|desktop&#8221; transform_styles_last_edited=&#8221;on|desktop&#8221; max_width_tablet=&#8221;60%&#8221; max_width_phone=&#8221;60%&#8221; max_width_last_edited=&#8221;on|tablet&#8221; custom_margin=&#8221;||||false|false&#8221; animation_style=&#8221;slide&#8221; animation_direction=&#8221;left&#8221; animation_intensity_slide=&#8221;5%&#8221; transform_styles_tablet=&#8221;&#8221; transform_styles_phone=&#8221;&#8221; border_radii=&#8221;on|10px|10px|10px|10px&#8221; box_shadow_style=&#8221;preset1&#8243; box_shadow_blur=&#8221;25px&#8221; box_shadow_color=&#8221;rgba(78,160,27,0.45)&#8221; global_colors_info=&#8221;{}&#8221;][\/et_pb_image][\/et_pb_column][et_pb_column type=&#8221;3_5&#8243; _builder_version=&#8221;4.25.1&#8243; _module_preset=&#8221;default&#8221; background_color=&#8221;gcid-70184d90-89dc-4d37-8a72-67bb78c7369e&#8221; custom_padding=&#8221;20px|40px||40px|false|true&#8221; custom_padding_tablet=&#8221;30px|20px|30px|20px|true|true&#8221; custom_padding_phone=&#8221;20px|10px|20px|10px|true|true&#8221; custom_padding_last_edited=&#8221;on|desktop&#8221; border_radii=&#8221;on|10px|10px|10px|10px&#8221; global_colors_info=&#8221;{%22gcid-70184d90-89dc-4d37-8a72-67bb78c7369e%22:%91%22background_color%22%93}&#8221;][et_pb_text _builder_version=&#8221;4.25.1&#8243; _module_preset=&#8221;9162c532-0553-4d88-8c63-c9275336350b&#8221; header_3_font=&#8221;Oxygen|700|||||||&#8221; header_3_text_color=&#8221;#000000&#8243; header_3_line_height=&#8221;1.5em&#8221; custom_margin=&#8221;||10px||false|false&#8221; header_3_font_size_phone=&#8221;18px&#8221; global_colors_info=&#8221;{}&#8221;]<\/p>\n<h3>V\u00e4lkommen till Pannonia hem!<\/h3>\n<p>[\/et_pb_text][et_pb_text _builder_version=&#8221;4.27.0&#8243; _module_preset=&#8221;37c47422-49e8-48aa-a460-bc1abab3ba90&#8243; text_font=&#8221;Oxygen||||||||&#8221; text_text_color=&#8221;#1C1C1C&#8221; hover_enabled=&#8221;0&#8243; text_font_size_tablet=&#8221;16px&#8221; text_font_size_phone=&#8221;16px&#8221; global_colors_info=&#8221;{}&#8221; sticky_enabled=&#8221;0&#8243;]<\/p>\n<p>Din plats f\u00f6r tryggt och bekv\u00e4mt boende i Stockholm. Vi har varit verksamma inom \u00e4ldrev\u00e5rden sedan 2016 och erbjuder nu 18 moderna l\u00e4genheter i hj\u00e4rtat av Gr\u00f6ndal, d\u00e4r gemenskap och v\u00e4lbefinnande st\u00e5r i fokus. V\u00e5ra l\u00e4genheter \u00e4r utrustade med alla bekv\u00e4mligheter, och v\u00e5ra gemensamma utrymmen som k\u00f6k, s\u00e4llskapsrum och bibliotek g\u00f6r det enkelt att trivas och socialisera.<\/p>\n<p>Vi \u00e4r stolta \u00f6ver att kunna erbjuda en tv\u00e5spr\u00e5kig personal som tar hand om v\u00e5ra hyresg\u00e4ster p\u00e5 b\u00e4sta m\u00f6jliga s\u00e4tt. Med erfarenhet och omsorg g\u00e5r vi ut\u00f6ver f\u00f6r att skapa en trygg och v\u00e4lkomnande milj\u00f6 f\u00f6r v\u00e5ra boende. Dessutom erbjuder vi hemtj\u00e4nst i samarbete med <a href=\"https:\/\/lindalensomsorg.se\" title=\"Lindalens Omsorg\">Lindalens Omsorg<\/a>\u00a0 f\u00f6r att s\u00e4kerst\u00e4lla att alla individuella behov m\u00f6ts.<\/p>\n<p>Vi \u00e4r glada \u00f6ver att se det \u00f6kande intresset f\u00f6r v\u00e5rt ungerska seniorboende och planerar att utvidga v\u00e5r verksamhet f\u00f6r att kunna forts\u00e4tta att erbjuda en h\u00f6gkvalitativ och skr\u00e4ddarsydd service till v\u00e5ra \u00e4ldre medborgare. Hos oss \u00e4r du mer \u00e4n bara en hyresg\u00e4st &#8211; du \u00e4r en del av v\u00e5r gemenskap. V\u00e4lkommen till ditt nya hem hos Pannonia hem!<\/p>\n<p>[\/et_pb_text][\/et_pb_column][\/et_pb_row][et_pb_row column_structure=&#8221;1_5,1_5,1_5,1_5,1_5&#8243; make_equal=&#8221;on&#8221; disabled_on=&#8221;on|on|on&#8221; _builder_version=&#8221;4.25.1&#8243; _module_preset=&#8221;default&#8221; custom_margin=&#8221;60px||||false|false&#8221; custom_margin_tablet=&#8221;40px||||false|false&#8221; custom_margin_phone=&#8221;30px||||false|false&#8221; custom_margin_last_edited=&#8221;on|tablet&#8221; animation_direction=&#8221;bottom&#8221; disabled=&#8221;on&#8221; locked=&#8221;off&#8221; global_colors_info=&#8221;{}&#8221;][et_pb_column type=&#8221;1_5&#8243; _builder_version=&#8221;4.25.0&#8243; _module_preset=&#8221;default&#8221; background_color=&#8221;#FFFFFF&#8221; custom_padding=&#8221;15px|5px|15px|5px|true|true&#8221; border_radii=&#8221;off|10px||10px|&#8221; border_width_all=&#8221;1px&#8221; border_color_all=&#8221;RGBA(255,255,255,0)&#8221; border_style_all=&#8221;dashed&#8221; box_shadow_style=&#8221;preset3&#8243; box_shadow_color=&#8221;rgba(0,0,0,0.24)&#8221; global_colors_info=&#8221;{%22gcid-fcefeb1d-009f-438a-8a4e-37a8181e310c%22:%91%22border_color_all__hover%22%93}&#8221; border_color_all__hover_enabled=&#8221;on|hover&#8221; border_color_all__hover=&#8221;#002aac&#8221;][et_pb_image src=&#8221;https:\/\/pannoniahem.se\/wp-content\/uploads\/2024\/05\/accounting.png&#8221; title_text=&#8221;accounting&#8221; align=&#8221;center&#8221; _builder_version=&#8221;4.25.0&#8243; _module_preset=&#8221;default&#8221; max_width=&#8221;48px&#8221; max_height=&#8221;48px&#8221; animation_style=&#8221;slide&#8221; animation_direction=&#8221;bottom&#8221; animation_intensity_slide=&#8221;8%&#8221; global_colors_info=&#8221;{}&#8221;][\/et_pb_image][et_pb_text _builder_version=&#8221;4.25.1&#8243; _module_preset=&#8221;95049748-5a58-4d69-9906-b027ed64eaa4&#8243; text_text_color=&#8221;#1C1C1C&#8221; header_6_font=&#8221;Oxygen|700||on|||||&#8221; header_6_text_color=&#8221;#1C1C1C&#8221; header_6_font_size=&#8221;15px&#8221; text_orientation=&#8221;center&#8221; animation_style=&#8221;slide&#8221; animation_direction=&#8221;bottom&#8221; animation_delay=&#8221;50ms&#8221; animation_intensity_slide=&#8221;5%&#8221; link_option_url=&#8221;\/lopande-bokforing\/&#8221; global_colors_info=&#8221;{}&#8221;]<\/p>\n<h6>l\u00f6pande bokf\u00f6ring<\/h6>\n<p>[\/et_pb_text][\/et_pb_column][et_pb_column type=&#8221;1_5&#8243; _builder_version=&#8221;4.21.0&#8243; _module_preset=&#8221;default&#8221; background_color=&#8221;#FFFFFF&#8221; custom_padding=&#8221;15px|5px|15px|5px|true|true&#8221; border_radii=&#8221;off|10px||10px|&#8221; border_width_all=&#8221;1px&#8221; border_color_all=&#8221;RGBA(255,255,255,0)&#8221; border_style_all=&#8221;dashed&#8221; box_shadow_style=&#8221;preset3&#8243; box_shadow_color=&#8221;rgba(0,0,0,0.24)&#8221; global_colors_info=&#8221;{%22gcid-fcefeb1d-009f-438a-8a4e-37a8181e310c%22:%91%22border_color_all__hover%22,%22border_color_all%22%93}&#8221; border_color_all__hover=&#8221;#002aac&#8221; border_color_all__hover_enabled=&#8221;on|hover&#8221;][et_pb_image src=&#8221;https:\/\/pannoniahem.se\/wp-content\/uploads\/2024\/05\/annual-report.png&#8221; title_text=&#8221;annual-report&#8221; align=&#8221;center&#8221; _builder_version=&#8221;4.25.0&#8243; _module_preset=&#8221;default&#8221; max_width=&#8221;48px&#8221; max_height=&#8221;48px&#8221; animation_style=&#8221;slide&#8221; animation_direction=&#8221;bottom&#8221; animation_intensity_slide=&#8221;8%&#8221; global_colors_info=&#8221;{}&#8221;][\/et_pb_image][et_pb_text _builder_version=&#8221;4.25.1&#8243; _module_preset=&#8221;95049748-5a58-4d69-9906-b027ed64eaa4&#8243; text_text_color=&#8221;#1C1C1C&#8221; header_6_font=&#8221;Oxygen|700||on|||||&#8221; header_6_text_color=&#8221;#1C1C1C&#8221; header_6_font_size=&#8221;15px&#8221; text_orientation=&#8221;center&#8221; animation_style=&#8221;slide&#8221; animation_direction=&#8221;bottom&#8221; animation_delay=&#8221;50ms&#8221; animation_intensity_slide=&#8221;5%&#8221; link_option_url=&#8221;\/bokslut-arsredovisning\/&#8221; global_colors_info=&#8221;{}&#8221;]<\/p>\n<h6>\u00c5rsredovisning<\/h6>\n<p>[\/et_pb_text][\/et_pb_column][et_pb_column type=&#8221;1_5&#8243; _builder_version=&#8221;4.21.0&#8243; _module_preset=&#8221;default&#8221; background_color=&#8221;#FFFFFF&#8221; custom_padding=&#8221;15px|5px|15px|5px|true|true&#8221; border_radii=&#8221;off|10px||10px|&#8221; border_width_all=&#8221;1px&#8221; border_color_all=&#8221;RGBA(255,255,255,0)&#8221; border_style_all=&#8221;dashed&#8221; box_shadow_style=&#8221;preset3&#8243; box_shadow_color=&#8221;rgba(0,0,0,0.24)&#8221; global_colors_info=&#8221;{%22gcid-fcefeb1d-009f-438a-8a4e-37a8181e310c%22:%91%22border_color_all__hover%22,%22border_color_all%22%93}&#8221; border_color_all__hover=&#8221;#002aac&#8221; border_color_all__hover_enabled=&#8221;on|hover&#8221;][et_pb_image src=&#8221;https:\/\/pannoniahem.se\/wp-content\/uploads\/2024\/05\/location.png&#8221; title_text=&#8221;location&#8221; align=&#8221;center&#8221; _builder_version=&#8221;4.25.0&#8243; _module_preset=&#8221;default&#8221; max_width=&#8221;48px&#8221; max_height=&#8221;48px&#8221; animation_style=&#8221;slide&#8221; animation_direction=&#8221;bottom&#8221; animation_intensity_slide=&#8221;8%&#8221; global_colors_info=&#8221;{}&#8221;][\/et_pb_image][et_pb_text _builder_version=&#8221;4.25.1&#8243; _module_preset=&#8221;95049748-5a58-4d69-9906-b027ed64eaa4&#8243; text_text_color=&#8221;#1C1C1C&#8221; header_6_font=&#8221;Oxygen|700||on|||||&#8221; header_6_text_color=&#8221;#1C1C1C&#8221; header_6_font_size=&#8221;15px&#8221; text_orientation=&#8221;center&#8221; animation_style=&#8221;slide&#8221; animation_direction=&#8221;bottom&#8221; animation_delay=&#8221;50ms&#8221; animation_intensity_slide=&#8221;5%&#8221; link_option_url=&#8221;\/bolagsbildning\/&#8221; global_colors_info=&#8221;{}&#8221;]<\/p>\n<h6>Bolagsbildning<\/h6>\n<p>[\/et_pb_text][\/et_pb_column][et_pb_column type=&#8221;1_5&#8243; _builder_version=&#8221;4.21.0&#8243; _module_preset=&#8221;default&#8221; background_color=&#8221;#FFFFFF&#8221; custom_padding=&#8221;15px|5px|15px|5px|true|true&#8221; border_radii=&#8221;off|10px||10px|&#8221; border_width_all=&#8221;1px&#8221; border_color_all=&#8221;RGBA(255,255,255,0)&#8221; border_style_all=&#8221;dashed&#8221; box_shadow_style=&#8221;preset3&#8243; box_shadow_color=&#8221;rgba(0,0,0,0.24)&#8221; global_colors_info=&#8221;{%22gcid-fcefeb1d-009f-438a-8a4e-37a8181e310c%22:%91%22border_color_all__hover%22,%22border_color_all%22%93}&#8221; border_color_all__hover=&#8221;#002aac&#8221; border_color_all__hover_enabled=&#8221;on|hover&#8221;][et_pb_image src=&#8221;https:\/\/pannoniahem.se\/wp-content\/uploads\/2024\/05\/advisor.png&#8221; title_text=&#8221;advisor&#8221; align=&#8221;center&#8221; _builder_version=&#8221;4.25.0&#8243; _module_preset=&#8221;default&#8221; max_width=&#8221;48px&#8221; max_height=&#8221;48px&#8221; animation_style=&#8221;slide&#8221; animation_direction=&#8221;bottom&#8221; animation_intensity_slide=&#8221;8%&#8221; global_colors_info=&#8221;{}&#8221;][\/et_pb_image][et_pb_text _builder_version=&#8221;4.25.1&#8243; _module_preset=&#8221;95049748-5a58-4d69-9906-b027ed64eaa4&#8243; text_text_color=&#8221;#1C1C1C&#8221; header_6_font=&#8221;Oxygen|700||on|||||&#8221; header_6_text_color=&#8221;#1C1C1C&#8221; header_6_font_size=&#8221;15px&#8221; text_orientation=&#8221;center&#8221; animation_style=&#8221;slide&#8221; animation_direction=&#8221;bottom&#8221; animation_delay=&#8221;50ms&#8221; animation_intensity_slide=&#8221;5%&#8221; link_option_url=&#8221;\/radgivning\/&#8221; global_colors_info=&#8221;{}&#8221;]<\/p>\n<h6>R\u00e5dgivning<\/h6>\n<p>[\/et_pb_text][\/et_pb_column][et_pb_column type=&#8221;1_5&#8243; _builder_version=&#8221;4.21.0&#8243; _module_preset=&#8221;default&#8221; background_color=&#8221;#FFFFFF&#8221; custom_padding=&#8221;15px|5px|15px|5px|true|true&#8221; border_radii=&#8221;off|10px||10px|&#8221; border_width_all=&#8221;1px&#8221; border_color_all=&#8221;RGBA(255,255,255,0)&#8221; border_style_all=&#8221;dashed&#8221; box_shadow_style=&#8221;preset3&#8243; box_shadow_color=&#8221;rgba(0,0,0,0.24)&#8221; global_colors_info=&#8221;{%22gcid-fcefeb1d-009f-438a-8a4e-37a8181e310c%22:%91%22border_color_all__hover%22,%22border_color_all%22%93}&#8221; border_color_all__hover=&#8221;#002aac&#8221; border_color_all__hover_enabled=&#8221;on|hover&#8221;][et_pb_image src=&#8221;https:\/\/pannoniahem.se\/wp-content\/uploads\/2024\/05\/bullhorn.png&#8221; title_text=&#8221;bullhorn&#8221; align=&#8221;center&#8221; _builder_version=&#8221;4.25.0&#8243; _module_preset=&#8221;default&#8221; max_width=&#8221;48px&#8221; max_height=&#8221;48px&#8221; animation_style=&#8221;slide&#8221; animation_direction=&#8221;bottom&#8221; animation_intensity_slide=&#8221;8%&#8221; locked=&#8221;off&#8221; global_colors_info=&#8221;{}&#8221;][\/et_pb_image][et_pb_text _builder_version=&#8221;4.25.1&#8243; _module_preset=&#8221;95049748-5a58-4d69-9906-b027ed64eaa4&#8243; text_text_color=&#8221;#1C1C1C&#8221; header_6_font=&#8221;Oxygen|700||on|||||&#8221; header_6_text_color=&#8221;#1C1C1C&#8221; header_6_font_size=&#8221;15px&#8221; text_orientation=&#8221;center&#8221; animation_style=&#8221;slide&#8221; animation_direction=&#8221;bottom&#8221; animation_delay=&#8221;50ms&#8221; animation_intensity_slide=&#8221;5%&#8221; link_option_url=&#8221;\/bolagsbildning\/&#8221; global_colors_info=&#8221;{}&#8221;]<\/p>\n<h6>Markandsf\u00f6ring<\/h6>\n<p>[\/et_pb_text][\/et_pb_column][\/et_pb_row][\/et_pb_section][et_pb_section fb_built=&#8221;1&#8243; admin_label=&#8221;Testimonials&#8221; _builder_version=&#8221;4.25.1&#8243; _module_preset=&#8221;default&#8221; background_color=&#8221;#f7f7f7&#8243; use_background_color_gradient=&#8221;off&#8221; collapsed=&#8221;on&#8221; global_colors_info=&#8221;{}&#8221;][et_pb_row _builder_version=&#8221;4.25.0&#8243; _module_preset=&#8221;default&#8221; width=&#8221;87%&#8221; width_tablet=&#8221;85%&#8221; width_phone=&#8221;95%&#8221; width_last_edited=&#8221;on|desktop&#8221; max_width=&#8221;100%&#8221; global_colors_info=&#8221;{}&#8221;][et_pb_column type=&#8221;4_4&#8243; _builder_version=&#8221;4.21.0&#8243; _module_preset=&#8221;default&#8221; global_colors_info=&#8221;{}&#8221;][et_pb_text _builder_version=&#8221;4.25.1&#8243; _module_preset=&#8221;b87ad5bc-7726-4ed2-acf2-c1d807b0f65a&#8221; header_2_font=&#8221;Oxygen|700|||||||&#8221; header_2_text_color=&#8221;#000000&#8243; header_2_font_size=&#8221;30px&#8221; header_2_line_height=&#8221;1.5em&#8221; text_orientation=&#8221;center&#8221; custom_margin=&#8221;||5px|||&#8221; header_2_font_size_tablet=&#8221;24px&#8221; header_2_font_size_phone=&#8221;18px&#8221; header_2_line_height_tablet=&#8221;1.5em&#8221; header_2_line_height_phone=&#8221;1.6em&#8221; header_2_line_height_last_edited=&#8221;on|phone&#8221; global_colors_info=&#8221;{}&#8221;]<\/p>\n<h2>V\u00e5ra n\u00f6jda kunder<\/h2>\n<p>[\/et_pb_text][et_pb_divider color=&#8221;gcid-bcf59a58-72c0-4031-b9fc-63497bd5a763&#8243; divider_weight=&#8221;4px&#8221; _builder_version=&#8221;4.25.1&#8243; _module_preset=&#8221;default&#8221; width=&#8221;8%&#8221; module_alignment=&#8221;center&#8221; custom_margin=&#8221;||50px||false|false&#8221; animation_style=&#8221;flip&#8221; animation_intensity_flip=&#8221;15%&#8221; global_colors_info=&#8221;{%22gcid-bcf59a58-72c0-4031-b9fc-63497bd5a763%22:%91%22color%22%93}&#8221;][\/et_pb_divider][et_pb_image src=&#8221;https:\/\/pannoniahem.se\/wp-content\/uploads\/2024\/05\/close.png&#8221; title_text=&#8221;close&#8221; align=&#8221;center&#8221; _builder_version=&#8221;4.25.1&#8243; _module_preset=&#8221;default&#8221; width=&#8221;5%&#8221; width_tablet=&#8221;5%&#8221; width_phone=&#8221;7%&#8221; width_last_edited=&#8221;on|phone&#8221; custom_margin=&#8221;||||false|false&#8221; custom_margin_tablet=&#8221;||||false|false&#8221; custom_margin_phone=&#8221;||0px||false|false&#8221; custom_margin_last_edited=&#8221;on|phone&#8221; animation_style=&#8221;slide&#8221; animation_direction=&#8221;bottom&#8221; animation_intensity_slide=&#8221;5%&#8221; global_colors_info=&#8221;{}&#8221;][\/et_pb_image][et_pb_slider show_arrows=&#8221;off&#8221; arrows_custom_color=&#8221;#1C1C1C&#8221; dot_nav_custom_color=&#8221;#1C1C1C&#8221; _builder_version=&#8221;4.25.1&#8243; _module_preset=&#8221;0a89830c-e913-400b-80c1-9802bef3d5e0&#8243; header_font=&#8221;Oxygen||||||||&#8221; header_text_color=&#8221;#000000&#8243; header_font_size=&#8221;24px&#8221; header_line_height=&#8221;1.5em&#8221; body_font=&#8221;Oxygen||on||||||&#8221; body_text_color=&#8221;#1C1C1C&#8221; button_text_color=&#8221;#1C1C1C&#8221; button_bg_color=&#8221;RGBA(255,255,255,0)&#8221; button_icon_color=&#8221;#000000&#8243; custom_margin=&#8221;||||false|false&#8221; custom_padding=&#8221;0px||100px||false|false&#8221; custom_padding_tablet=&#8221;0px||||false|false&#8221; custom_padding_phone=&#8221;||60px||false|false&#8221; custom_padding_last_edited=&#8221;on|phone&#8221; auto=&#8221;on&#8221; auto_ignore_hover=&#8221;on&#8221; locked=&#8221;off&#8221; global_colors_info=&#8221;{%22gcid-d056ff0b-a85f-45b3-bb11-a75debfb13bf%22:%91%22header_text_color%22,%22arrows_custom_color%22,%22dot_nav_custom_color%22%93,%22gcid-9d98294c-d1ae-4311-865c-0d2bedb19256%22:%91%22body_text_color%22%93}&#8221;][et_pb_slide heading=&#8221;%22 Att bes\u00f6ka Pannonia hem \u00e4r som att g\u00f6ra en kort resa till hemlandet %22&#8243; _builder_version=&#8221;4.25.1&#8243; _module_preset=&#8221;default&#8221; header_font_size_tablet=&#8221;&#8221; header_font_size_phone=&#8221;&#8221; header_font_size_last_edited=&#8221;on|phone&#8221; locked=&#8221;off&#8221; global_colors_info=&#8221;{}&#8221; sticky_transition=&#8221;on&#8221;]Lontai Endr\u00e9n\u00e9@[\/et_pb_slide][et_pb_slide heading=&#8221;%22 Ett perfekt val f\u00f6r alla som vill ha ett aktivt och bekv\u00e4mt liv som senior. Jag k\u00e4nner mig som en del av en stor familj h\u00e4r. %22&#8243; _builder_version=&#8221;4.25.1&#8243; _module_preset=&#8221;default&#8221; locked=&#8221;off&#8221; global_colors_info=&#8221;{}&#8221; sticky_transition=&#8221;on&#8221;]Ladislau kom\u00e1romi @[\/et_pb_slide][et_pb_slide heading=&#8221;%22 Jag rekommenderar verkligen detta seniorboende till alla som s\u00f6ker en trygg och trivsam milj\u00f6 att bo i under sina \u00e4ldre dagar  %22&#8243; _builder_version=&#8221;4.25.1&#8243; _module_preset=&#8221;default&#8221; locked=&#8221;off&#8221; global_colors_info=&#8221;{}&#8221; sticky_transition=&#8221;on&#8221;]Andr\u00e1s V\u00e1ry @[\/et_pb_slide][\/et_pb_slider][\/et_pb_column][\/et_pb_row][\/et_pb_section][et_pb_section fb_built=&#8221;1&#8243; admin_label=&#8221;Call to Action&#8221; _builder_version=&#8221;4.25.1&#8243; _module_preset=&#8221;default&#8221; background_color=&#8221;#1C1C1C&#8221; background_color_gradient_stops=&#8221;rgba(1,178,69,0.69) 0%|rgba(0,43,13,0.77) 100%&#8221; background_color_gradient_overlays_image=&#8221;on&#8221; background_image=&#8221;https:\/\/pannoniahem.se\/wp-content\/uploads\/2024\/05\/shutterstock_2169261115-1024&#215;856-1.jpg&#8221; parallax=&#8221;on&#8221; parallax_method=&#8221;off&#8221; width=&#8221;95%&#8221; width_tablet=&#8221;85%&#8221; width_phone=&#8221;85%&#8221; width_last_edited=&#8221;on|desktop&#8221; max_width=&#8221;100%&#8221; module_alignment=&#8221;center&#8221; custom_margin=&#8221;40px||40px||true|false&#8221; border_radii=&#8221;on|10px|10px|10px|10px&#8221; locked=&#8221;off&#8221; collapsed=&#8221;on&#8221; global_colors_info=&#8221;{%22gcid-3739f6af-6ec3-431f-9233-3cdc85f4270b%22:%91%22background_color%22%93}&#8221;][et_pb_row _builder_version=&#8221;4.25.0&#8243; _module_preset=&#8221;default&#8221; max_width=&#8221;100%&#8221; global_colors_info=&#8221;{}&#8221;][et_pb_column type=&#8221;4_4&#8243; _builder_version=&#8221;4.21.0&#8243; _module_preset=&#8221;default&#8221; global_colors_info=&#8221;{}&#8221;][et_pb_text _builder_version=&#8221;4.25.1&#8243; _module_preset=&#8221;b87ad5bc-7726-4ed2-acf2-c1d807b0f65a&#8221; header_2_font=&#8221;Oxygen|700|||||||&#8221; header_2_text_color=&#8221;#FFFFFF&#8221; header_2_letter_spacing=&#8221;2px&#8221; text_orientation=&#8221;center&#8221; custom_margin=&#8221;||10px||false|false&#8221; header_2_font_size_tablet=&#8221;&#8221; header_2_font_size_phone=&#8221;22px&#8221; header_2_font_size_last_edited=&#8221;on|phone&#8221; locked=&#8221;off&#8221; global_colors_info=&#8221;{}&#8221;]<\/p>\n<h2>Kontakta oss f\u00f6r mer information<\/h2>\n<p>[\/et_pb_text][et_pb_text _builder_version=&#8221;4.25.1&#8243; _module_preset=&#8221;37c47422-49e8-48aa-a460-bc1abab3ba90&#8243; text_font=&#8221;Oxygen||||||||&#8221; text_text_color=&#8221;#FFFFFF&#8221; text_font_size=&#8221;17px&#8221; text_orientation=&#8221;center&#8221; locked=&#8221;off&#8221; global_colors_info=&#8221;{}&#8221;]Har du en fr\u00e5ga eller beh\u00f6ver du hj\u00e4lp? Kontakta oss! Vi \u00e4r h\u00e4r f\u00f6r att hj\u00e4lpa till. Oavsett om du vill dela feedback eller fr\u00e5ga om v\u00e5ra tj\u00e4nster. Vi ser fram emot att f\u00e5 kontakt med dig![\/et_pb_text][et_pb_button button_url=&#8221;\/kontakta-oss\/&#8221; button_text=&#8221;Kontakt &#8221; button_alignment=&#8221;center&#8221; _builder_version=&#8221;4.25.1&#8243; _module_preset=&#8221;f482c4b0-0b24-471d-9b71-7e572ebe0423&#8243; button_border_radius=&#8221;100px&#8221; button_letter_spacing=&#8221;0.14em&#8221; button_font=&#8221;Oxygen|700||on|||||&#8221; custom_padding=&#8221;15px|30px|15px|30px|true|true&#8221; locked=&#8221;off&#8221; global_colors_info=&#8221;{}&#8221;][\/et_pb_button][\/et_pb_column][\/et_pb_row][\/et_pb_section]<\/p>\n","protected":false},"excerpt":{"rendered":"<p>V\u00e4lkommen till Pannonia hem!Din plats f\u00f6r tryggt och bekv\u00e4mt boende i Stockholm. Vi har varit verksamma inom \u00e4ldrev\u00e5rden sedan 2016 och erbjuder nu 18 moderna l\u00e4genheter i hj\u00e4rtat av Gr\u00f6ndal, d\u00e4r gemenskap och v\u00e4lbefinnande st\u00e5r i fokus. V\u00e5ra l\u00e4genheter \u00e4r utrustade med alla bekv\u00e4mligheter, och v\u00e5ra gemensamma utrymmen som k\u00f6k, s\u00e4llskapsrum och bibliotek g\u00f6r det [&hellip;]<\/p>\n","protected":false},"author":2,"featured_media":0,"parent":0,"menu_order":0,"comment_status":"closed","ping_status":"closed","template":"","meta":{"_et_pb_use_builder":"on","_et_pb_old_content":"","_et_gb_content_width":"","footnotes":""},"class_list":["post-415","page","type-page","status-publish","hentry"],"_links":{"self":[{"href":"https:\/\/pannoniahem.se\/hu\/wp-json\/wp\/v2\/pages\/415","targetHints":{"allow":["GET"]}}],"collection":[{"href":"https:\/\/pannoniahem.se\/hu\/wp-json\/wp\/v2\/pages"}],"about":[{"href":"https:\/\/pannoniahem.se\/hu\/wp-json\/wp\/v2\/types\/page"}],"author":[{"embeddable":true,"href":"https:\/\/pannoniahem.se\/hu\/wp-json\/wp\/v2\/users\/2"}],"replies":[{"embeddable":true,"href":"https:\/\/pannoniahem.se\/hu\/wp-json\/wp\/v2\/comments?post=415"}],"version-history":[{"count":13,"href":"https:\/\/pannoniahem.se\/hu\/wp-json\/wp\/v2\/pages\/415\/revisions"}],"predecessor-version":[{"id":592,"href":"https:\/\/pannoniahem.se\/hu\/wp-json\/wp\/v2\/pages\/415\/revisions\/592"}],"wp:attachment":[{"href":"https:\/\/pannoniahem.se\/hu\/wp-json\/wp\/v2\/media?parent=415"}],"curies":[{"name":"wp","href":"https:\/\/api.w.org\/{rel}","templated":true}]}}