{"id":21,"date":"2024-03-25T21:45:42","date_gmt":"2024-03-25T21:45:42","guid":{"rendered":"http:\/\/ungerska-hemmet.com\/?page_id=21"},"modified":"2024-05-16T07:40:23","modified_gmt":"2024-05-16T07:40:23","slug":"aktuellt","status":"publish","type":"page","link":"https:\/\/pannoniahem.se\/hu\/aktuellt\/","title":{"rendered":"Aktu\u00e1lis"},"content":{"rendered":"<p>[et_pb_section fb_built=&#8221;1&#8243; custom_padding_last_edited=&#8221;on|phone&#8221; _builder_version=&#8221;4.25.1&#8243; _module_preset=&#8221;default&#8221; background_color_gradient_stops=&#8221;rgba(0,127,29,0.57) 0%|rgba(0,25,8,0.92) 100%&#8221; background_color_gradient_overlays_image=&#8221;on&#8221; background_image=&#8221;https:\/\/pannoniahem.se\/wp-content\/uploads\/2024\/05\/7edd7fdd-d131-4ab9-bbf8-2a5e109b2131.jpg&#8221; parallax=&#8221;on&#8221; parallax_method=&#8221;off&#8221; custom_padding=&#8221;50px||50px|||&#8221; custom_padding_tablet=&#8221;&#8221; custom_padding_phone=&#8221;40px||40px||true|false&#8221; global_colors_info=&#8221;{}&#8221;][et_pb_row _builder_version=&#8221;4.25.0&#8243; _module_preset=&#8221;default&#8221; custom_padding=&#8221;9px||7px|||&#8221; global_colors_info=&#8221;{}&#8221;][et_pb_column type=&#8221;4_4&#8243; _builder_version=&#8221;4.25.0&#8243; _module_preset=&#8221;default&#8221; global_colors_info=&#8221;{}&#8221;][et_pb_heading title=&#8221;Aktuellt&#8221; _builder_version=&#8221;4.25.1&#8243; _module_preset=&#8221;default&#8221; title_font=&#8221;Oxygen|700|||||||&#8221; title_text_align=&#8221;left&#8221; title_text_color=&#8221;#FFFFFF&#8221; title_font_size=&#8221;45px&#8221; title_letter_spacing=&#8221;2px&#8221; title_line_height=&#8221;1.3em&#8221; title_font_size_tablet=&#8221;45px&#8221; title_font_size_phone=&#8221;30px&#8221; title_font_size_last_edited=&#8221;on|phone&#8221; global_colors_info=&#8221;{}&#8221;][\/et_pb_heading][\/et_pb_column][\/et_pb_row][\/et_pb_section][et_pb_section fb_built=&#8221;1&#8243; _builder_version=&#8221;4.25.1&#8243; _module_preset=&#8221;default&#8221; use_background_color_gradient=&#8221;off&#8221; global_colors_info=&#8221;{}&#8221;][et_pb_row _builder_version=&#8221;4.25.1&#8243; _module_preset=&#8221;default&#8221; global_colors_info=&#8221;{}&#8221;][et_pb_column type=&#8221;4_4&#8243; _builder_version=&#8221;4.25.1&#8243; _module_preset=&#8221;default&#8221; global_colors_info=&#8221;{}&#8221;][et_pb_image src=&#8221;https:\/\/pannoniahem.se\/wp-content\/uploads\/2024\/05\/villa.png&#8221; _builder_version=&#8221;4.25.1&#8243; _module_preset=&#8221;default&#8221; title_text=&#8221;villa&#8221; align=&#8221;center&#8221; hover_enabled=&#8221;0&#8243; sticky_enabled=&#8221;0&#8243;][\/et_pb_image][et_pb_text _builder_version=&#8221;4.25.1&#8243; _module_preset=&#8221;default&#8221; text_font=&#8221;Oxygen||||||||&#8221; text_text_color=&#8221;#000000&#8243; text_font_size=&#8221;17px&#8221; text_line_height=&#8221;1.8em&#8221; text_orientation=&#8221;center&#8221; global_colors_info=&#8221;{}&#8221;]Ungerska seniorklubben har aktiviteter i lokalen varannan vecka d\u00e4r alla v\u00e5ra boende \u00e4r v\u00e4lkomna p\u00e5 en m\u00e4ngd olika aktiviteter. Vi erbjuder \u00e4ven hemlagad mat tillredd av v\u00e5ran m\u00e4sterkock Zsolt Kov\u00e1cs som alltid lagar ungersk mat gjord p\u00e5 f\u00e4rska r\u00e5varor genom v\u00e5ran samarbetsparter stjernadelikatess.se[\/et_pb_text][\/et_pb_column][\/et_pb_row][\/et_pb_section][et_pb_section fb_built=&#8221;1&#8243; _builder_version=&#8221;4.25.1&#8243; _module_preset=&#8221;default&#8221; use_background_color_gradient=&#8221;off&#8221; custom_padding=&#8221;0px||||false|false&#8221; global_colors_info=&#8221;{}&#8221;][et_pb_row _builder_version=&#8221;4.24.3&#8243; _module_preset=&#8221;default&#8221; global_colors_info=&#8221;{}&#8221;][et_pb_column type=&#8221;4_4&#8243; _builder_version=&#8221;4.24.3&#8243; _module_preset=&#8221;default&#8221; global_colors_info=&#8221;{}&#8221;][et_pb_blog fullwidth=&#8221;off&#8221; posts_number=&#8221;50&#8243; excerpt_length=&#8221;100&#8243; show_author=&#8221;off&#8221; use_overlay=&#8221;on&#8221; overlay_icon_color=&#8221;RGBA(255,255,255,0)&#8221; hover_overlay_color=&#8221;rgba(3,66,26,0.2)&#8221; _builder_version=&#8221;4.25.1&#8243; _module_preset=&#8221;default&#8221; header_font=&#8221;Oxygen|700|||||||&#8221; header_font_size=&#8221;20px&#8221; header_line_height=&#8221;1.2em&#8221; body_font=&#8221;Oxygen||||||||&#8221; body_text_color=&#8221;#000000&#8243; body_font_size=&#8221;16px&#8221; body_line_height=&#8221;1.6em&#8221; meta_font=&#8221;Oxygen||||||||&#8221; meta_font_size=&#8221;13px&#8221; pagination_font=&#8221;Oxygen||||||||&#8221; pagination_text_color=&#8221;#000000&#8243; pagination_font_size=&#8221;16px&#8221; border_radii=&#8221;on|10px|10px|10px|10px&#8221; border_width_all=&#8221;2px&#8221; border_color_all=&#8221;gcid-bcf59a58-72c0-4031-b9fc-63497bd5a763&#8243; border_radii_image=&#8221;off|10px|10px||&#8221; box_shadow_style=&#8221;preset1&#8243; box_shadow_blur=&#8221;10px&#8221; box_shadow_spread=&#8221;3px&#8221; box_shadow_color=&#8221;rgba(78,160,27,0.32)&#8221; global_colors_info=&#8221;{%22gcid-bcf59a58-72c0-4031-b9fc-63497bd5a763%22:%91%22border_color_all%22%93}&#8221;][\/et_pb_blog][\/et_pb_column][\/et_pb_row][\/et_pb_section]<\/p>\n","protected":false},"excerpt":{"rendered":"<p>A magyar szeniorklubban k\u00e9t hetente rendez\u00fcnk tev\u00e9kenys\u00e9geket az otthonban, ahol minden lak\u00f3nk sz\u00e1m\u00e1ra sz\u00e1mos k\u00fcl\u00f6nf\u00e9le program \u00e1ll rendelkez\u00e9sre. Emellett h\u00e1zi k\u00e9sz\u00edt\u00e9s\u0171 \u00e9teleket k\u00edn\u00e1lunk, amelyeket a h\u00e1zi szak\u00e1csunk, Hajni k\u00e9sz\u00edt, aki mindig friss alapanyagokb\u00f3l k\u00e9sz\u00edt magyaros \u00e9teleket, t\u00f6bbek k\u00f6z\u00f6tt az egy\u00fcttm\u0171k\u00f6d\u0151 partner\u00fcnk seg\u00edts\u00e9g\u00e9vel, a stjernadelikatess.se -vel.<\/p>","protected":false},"author":2,"featured_media":0,"parent":0,"menu_order":0,"comment_status":"closed","ping_status":"closed","template":"","meta":{"_et_pb_use_builder":"on","_et_pb_old_content":"","_et_gb_content_width":"","footnotes":""},"class_list":["post-21","page","type-page","status-publish","hentry"],"_links":{"self":[{"href":"https:\/\/pannoniahem.se\/hu\/wp-json\/wp\/v2\/pages\/21","targetHints":{"allow":["GET"]}}],"collection":[{"href":"https:\/\/pannoniahem.se\/hu\/wp-json\/wp\/v2\/pages"}],"about":[{"href":"https:\/\/pannoniahem.se\/hu\/wp-json\/wp\/v2\/types\/page"}],"author":[{"embeddable":true,"href":"https:\/\/pannoniahem.se\/hu\/wp-json\/wp\/v2\/users\/2"}],"replies":[{"embeddable":true,"href":"https:\/\/pannoniahem.se\/hu\/wp-json\/wp\/v2\/comments?post=21"}],"version-history":[{"count":14,"href":"https:\/\/pannoniahem.se\/hu\/wp-json\/wp\/v2\/pages\/21\/revisions"}],"predecessor-version":[{"id":484,"href":"https:\/\/pannoniahem.se\/hu\/wp-json\/wp\/v2\/pages\/21\/revisions\/484"}],"wp:attachment":[{"href":"https:\/\/pannoniahem.se\/hu\/wp-json\/wp\/v2\/media?parent=21"}],"curies":[{"name":"wp","href":"https:\/\/api.w.org\/{rel}","templated":true}]}}